{"id":21,"date":"2023-06-30T12:44:55","date_gmt":"2023-06-30T12:44:55","guid":{"rendered":"http:\/\/juliagregorowicz.pl\/?page_id=21"},"modified":"2025-10-12T13:17:25","modified_gmt":"2025-10-12T13:17:25","slug":"przydatne-informacje","status":"publish","type":"page","link":"https:\/\/juliagregorowicz.pl\/index.php\/przydatne-informacje\/","title":{"rendered":"Przydatne informacje"},"content":{"rendered":"\n<p>Numery pomocowe dla dzieci, nastolatk\u00f3w i doros\u0142ych w kryzysie psychicznym<\/p>\n\n\n\n<p>Antydepresyjny telefon zaufania: 22 484 88 01 (poniedzia\u0142ek-pi\u0105tek, godz. 15-20)<\/p>\n\n\n\n<p>Telefon zaufania dla dzieci i m\u0142odzie\u017cy: 116 111 (ca\u0142odobowy)<\/p>\n\n\n\n<p>Bezp\u0142atny anonimowy telefon i czat zaufania dla dzieci i m\u0142odzie\u017cy: 800 119 119 (codziennie, godz. 14-22)<\/p>\n\n\n\n<p>Telefon dla rodzic\u00f3w i opiekun\u00f3w dzieci w kryzysie: 800 800 602 (poniedzia\u0142ek-pi\u0105tek, godz. 16-20)<\/p>\n\n\n\n<p>Telefon Pogadania: 800 212 005 (codziennie godz. 12-20)<\/p>\n\n\n\n<p>Telefon wsparcia emocjonalnego dla doros\u0142ych: 116 123 (codziennie, godz. 14-22)<\/p>\n\n\n\n<p>Czat dost\u0119pny na stronie internetowej rzecznika praw dziecka: czat.brpd.gov.pl<br>(ca\u0142odobowy)<\/p>\n\n\n\n<p><\/p>\n","protected":false},"excerpt":{"rendered":"<p>Numery pomocowe dla dzieci, nastolatk\u00f3w i doros\u0142ych w kryzysie psychicznym Antydepresyjny telefon zaufania: 22 484 88 01 (poniedzia\u0142ek-pi\u0105tek, godz. 15-20) Telefon zaufania dla dzieci i m\u0142odzie\u017cy: 116 111 (ca\u0142odobowy) Bezp\u0142atny anonimowy telefon i czat zaufania dla dzieci i m\u0142odzie\u017cy: 800 119 119 (codziennie, godz. 14-22) Telefon dla rodzic\u00f3w i opiekun\u00f3w dzieci w kryzysie: 800 800 [&hellip;]<\/p>\n","protected":false},"author":1,"featured_media":0,"parent":0,"menu_order":0,"comment_status":"closed","ping_status":"closed","template":"","meta":{"footnotes":""},"class_list":["post-21","page","type-page","status-publish","hentry"],"yoast_head":"<!-- This site is optimized with the Yoast SEO plugin v20.10 - https:\/\/yoast.com\/wordpress\/plugins\/seo\/ -->\n<title>Przydatne informacje - Julia Gregorowicz Julia Gregorowicz Psychoterapia<\/title>\n<meta name=\"description\" content=\"Julia Gregorowicz Psychoterapia\" \/>\n<meta name=\"robots\" content=\"index, follow, max-snippet:-1, max-image-preview:large, max-video-preview:-1\" \/>\n<link rel=\"canonical\" href=\"https:\/\/juliagregorowicz.pl\/index.php\/przydatne-informacje\/\" \/>\n<meta property=\"og:locale\" content=\"pl_PL\" \/>\n<meta property=\"og:type\" content=\"article\" \/>\n<meta property=\"og:title\" content=\"Przydatne informacje - Julia Gregorowicz Julia Gregorowicz Psychoterapia\" \/>\n<meta property=\"og:description\" content=\"Julia Gregorowicz Psychoterapia\" \/>\n<meta property=\"og:url\" content=\"https:\/\/juliagregorowicz.pl\/index.php\/przydatne-informacje\/\" \/>\n<meta property=\"og:site_name\" content=\"Julia Gregorowicz\" \/>\n<meta property=\"article:modified_time\" content=\"2025-10-12T13:17:25+00:00\" \/>\n<meta name=\"twitter:card\" content=\"summary_large_image\" \/>\n<meta name=\"twitter:label1\" content=\"Szacowany czas czytania\" \/>\n\t<meta name=\"twitter:data1\" content=\"1 minuta\" \/>\n<script type=\"application\/ld+json\" class=\"yoast-schema-graph\">{\"@context\":\"https:\/\/schema.org\",\"@graph\":[{\"@type\":\"WebPage\",\"@id\":\"https:\/\/juliagregorowicz.pl\/index.php\/przydatne-informacje\/\",\"url\":\"https:\/\/juliagregorowicz.pl\/index.php\/przydatne-informacje\/\",\"name\":\"Przydatne informacje - Julia Gregorowicz Julia Gregorowicz Psychoterapia\",\"isPartOf\":{\"@id\":\"https:\/\/juliagregorowicz.pl\/#website\"},\"datePublished\":\"2023-06-30T12:44:55+00:00\",\"dateModified\":\"2025-10-12T13:17:25+00:00\",\"description\":\"Julia Gregorowicz Psychoterapia\",\"breadcrumb\":{\"@id\":\"https:\/\/juliagregorowicz.pl\/index.php\/przydatne-informacje\/#breadcrumb\"},\"inLanguage\":\"pl-PL\",\"potentialAction\":[{\"@type\":\"ReadAction\",\"target\":[\"https:\/\/juliagregorowicz.pl\/index.php\/przydatne-informacje\/\"]}]},{\"@type\":\"BreadcrumbList\",\"@id\":\"https:\/\/juliagregorowicz.pl\/index.php\/przydatne-informacje\/#breadcrumb\",\"itemListElement\":[{\"@type\":\"ListItem\",\"position\":1,\"name\":\"Strona g\u0142\u00f3wna\",\"item\":\"https:\/\/juliagregorowicz.pl\/\"},{\"@type\":\"ListItem\",\"position\":2,\"name\":\"Przydatne informacje\"}]},{\"@type\":\"WebSite\",\"@id\":\"https:\/\/juliagregorowicz.pl\/#website\",\"url\":\"https:\/\/juliagregorowicz.pl\/\",\"name\":\"Julia Gregorowicz\",\"description\":\"Psychoterapeutka\",\"potentialAction\":[{\"@type\":\"SearchAction\",\"target\":{\"@type\":\"EntryPoint\",\"urlTemplate\":\"https:\/\/juliagregorowicz.pl\/?s={search_term_string}\"},\"query-input\":\"required name=search_term_string\"}],\"inLanguage\":\"pl-PL\"}]}<\/script>\n<!-- \/ Yoast SEO plugin. -->","yoast_head_json":{"title":"Przydatne informacje - Julia Gregorowicz Julia Gregorowicz Psychoterapia","description":"Julia Gregorowicz Psychoterapia","robots":{"index":"index","follow":"follow","max-snippet":"max-snippet:-1","max-image-preview":"max-image-preview:large","max-video-preview":"max-video-preview:-1"},"canonical":"https:\/\/juliagregorowicz.pl\/index.php\/przydatne-informacje\/","og_locale":"pl_PL","og_type":"article","og_title":"Przydatne informacje - Julia Gregorowicz Julia Gregorowicz Psychoterapia","og_description":"Julia Gregorowicz Psychoterapia","og_url":"https:\/\/juliagregorowicz.pl\/index.php\/przydatne-informacje\/","og_site_name":"Julia Gregorowicz","article_modified_time":"2025-10-12T13:17:25+00:00","twitter_card":"summary_large_image","twitter_misc":{"Szacowany czas czytania":"1 minuta"},"schema":{"@context":"https:\/\/schema.org","@graph":[{"@type":"WebPage","@id":"https:\/\/juliagregorowicz.pl\/index.php\/przydatne-informacje\/","url":"https:\/\/juliagregorowicz.pl\/index.php\/przydatne-informacje\/","name":"Przydatne informacje - Julia Gregorowicz Julia Gregorowicz Psychoterapia","isPartOf":{"@id":"https:\/\/juliagregorowicz.pl\/#website"},"datePublished":"2023-06-30T12:44:55+00:00","dateModified":"2025-10-12T13:17:25+00:00","description":"Julia Gregorowicz Psychoterapia","breadcrumb":{"@id":"https:\/\/juliagregorowicz.pl\/index.php\/przydatne-informacje\/#breadcrumb"},"inLanguage":"pl-PL","potentialAction":[{"@type":"ReadAction","target":["https:\/\/juliagregorowicz.pl\/index.php\/przydatne-informacje\/"]}]},{"@type":"BreadcrumbList","@id":"https:\/\/juliagregorowicz.pl\/index.php\/przydatne-informacje\/#breadcrumb","itemListElement":[{"@type":"ListItem","position":1,"name":"Strona g\u0142\u00f3wna","item":"https:\/\/juliagregorowicz.pl\/"},{"@type":"ListItem","position":2,"name":"Przydatne informacje"}]},{"@type":"WebSite","@id":"https:\/\/juliagregorowicz.pl\/#website","url":"https:\/\/juliagregorowicz.pl\/","name":"Julia Gregorowicz","description":"Psychoterapeutka","potentialAction":[{"@type":"SearchAction","target":{"@type":"EntryPoint","urlTemplate":"https:\/\/juliagregorowicz.pl\/?s={search_term_string}"},"query-input":"required name=search_term_string"}],"inLanguage":"pl-PL"}]}},"_links":{"self":[{"href":"https:\/\/juliagregorowicz.pl\/index.php\/wp-json\/wp\/v2\/pages\/21","targetHints":{"allow":["GET"]}}],"collection":[{"href":"https:\/\/juliagregorowicz.pl\/index.php\/wp-json\/wp\/v2\/pages"}],"about":[{"href":"https:\/\/juliagregorowicz.pl\/index.php\/wp-json\/wp\/v2\/types\/page"}],"author":[{"embeddable":true,"href":"https:\/\/juliagregorowicz.pl\/index.php\/wp-json\/wp\/v2\/users\/1"}],"replies":[{"embeddable":true,"href":"https:\/\/juliagregorowicz.pl\/index.php\/wp-json\/wp\/v2\/comments?post=21"}],"version-history":[{"count":4,"href":"https:\/\/juliagregorowicz.pl\/index.php\/wp-json\/wp\/v2\/pages\/21\/revisions"}],"predecessor-version":[{"id":284,"href":"https:\/\/juliagregorowicz.pl\/index.php\/wp-json\/wp\/v2\/pages\/21\/revisions\/284"}],"wp:attachment":[{"href":"https:\/\/juliagregorowicz.pl\/index.php\/wp-json\/wp\/v2\/media?parent=21"}],"curies":[{"name":"wp","href":"https:\/\/api.w.org\/{rel}","templated":true}]}}