{"id":19,"date":"2023-06-30T12:44:37","date_gmt":"2023-06-30T12:44:37","guid":{"rendered":"http:\/\/juliagregorowicz.pl\/?page_id=19"},"modified":"2025-10-12T13:03:10","modified_gmt":"2025-10-12T13:03:10","slug":"o-mnie","status":"publish","type":"page","link":"https:\/\/juliagregorowicz.pl\/index.php\/o-mnie\/","title":{"rendered":"O mnie"},"content":{"rendered":"\n<div class=\"wp-block-group alignwide has-global-padding is-layout-constrained wp-container-core-group-is-layout-fcb84afc wp-block-group-is-layout-constrained\">\n<p>Jestem psychologiem i psychoterapeutk\u0105, absolwentk\u0105 Wydzia\u0142u Psychologii Uniwersytetu Warszawskiego. Uko\u0144czy\u0142am 4-letnie Studium Psychoterapii oraz Szko\u0142\u0119 Psychoterapii Grupowej w Laboratorium Psychoedukacji, a tak\u017ce szkolenie w zakresie podstaw psychoterapii psychodynamicznej w Krakowskim Centrum Psychodynamicznym.<\/p>\n\n\n\n<p>Do\u015bwiadczenie kliniczne zdobywa\u0142am na Oddziale Leczenia Zaburze\u0144 Nerwicowych oraz na Oddziale Og\u00f3lnopsychiatrycznym&nbsp; Mazowieckiego Specjalistycznego Centrum Zdrowia im. prof. Jana Mazurkiewicza w Tworkach.<\/p>\n\n\n\n<p>Od 2006 roku pracuj\u0119 jako psycholog i psychoterapeutka w obszarze pomagania, zar\u00f3wno w pa\u0144stwowych, jak i prywatnych o\u015brodkach.<\/p>\n\n\n\n<p>Prowadz\u0119 psychoterapi\u0119 indywidualn\u0105 i grupow\u0105 os\u00f3b doros\u0142ych w nurcie psychodynamicznym oraz psychoterapi\u0119 par i konsultacje rodzicielskie.<\/p>\n\n\n\n<p>Od 2021 roku uczestnicz\u0119 w seminarium prof. Andrzeja Ledera: Filozoficzna natura problem\u00f3w psychologicznych.<\/p>\n\n\n\n<p>Pracuj\u0119 pod sta\u0142\u0105 superwizj\u0105 certyfikowanego superwizora Polskiego Towarzystwa Psychoanalitycznego.<\/p>\n<\/div>\n\n\n\n<p><\/p>\n","protected":false},"excerpt":{"rendered":"<p>Jestem psychologiem i psychoterapeutk\u0105, absolwentk\u0105 Wydzia\u0142u Psychologii Uniwersytetu Warszawskiego. Uko\u0144czy\u0142am 4-letnie Studium Psychoterapii oraz Szko\u0142\u0119 Psychoterapii Grupowej w Laboratorium Psychoedukacji, a tak\u017ce szkolenie w zakresie podstaw psychoterapii psychodynamicznej w Krakowskim Centrum Psychodynamicznym. Do\u015bwiadczenie kliniczne zdobywa\u0142am na Oddziale Leczenia Zaburze\u0144 Nerwicowych oraz na Oddziale Og\u00f3lnopsychiatrycznym&nbsp; Mazowieckiego Specjalistycznego Centrum Zdrowia im. prof. Jana Mazurkiewicza w Tworkach. Od [&hellip;]<\/p>\n","protected":false},"author":1,"featured_media":0,"parent":0,"menu_order":2,"comment_status":"closed","ping_status":"closed","template":"","meta":{"footnotes":""},"class_list":["post-19","page","type-page","status-publish","hentry"],"yoast_head":"<!-- This site is optimized with the Yoast SEO plugin v20.10 - https:\/\/yoast.com\/wordpress\/plugins\/seo\/ -->\n<title>O mnie - Julia Gregorowicz Julia Gregorowicz Psychoterapia<\/title>\n<meta name=\"description\" content=\"Julia Gregorowicz Psychoterapia\" \/>\n<meta name=\"robots\" content=\"index, follow, max-snippet:-1, max-image-preview:large, max-video-preview:-1\" \/>\n<link rel=\"canonical\" href=\"https:\/\/juliagregorowicz.pl\/index.php\/o-mnie\/\" \/>\n<meta property=\"og:locale\" content=\"pl_PL\" \/>\n<meta property=\"og:type\" content=\"article\" \/>\n<meta property=\"og:title\" content=\"O mnie - Julia Gregorowicz Julia Gregorowicz Psychoterapia\" \/>\n<meta property=\"og:description\" content=\"Julia Gregorowicz Psychoterapia\" \/>\n<meta property=\"og:url\" content=\"https:\/\/juliagregorowicz.pl\/index.php\/o-mnie\/\" \/>\n<meta property=\"og:site_name\" content=\"Julia Gregorowicz\" \/>\n<meta property=\"article:modified_time\" content=\"2025-10-12T13:03:10+00:00\" \/>\n<meta name=\"twitter:card\" content=\"summary_large_image\" \/>\n<meta name=\"twitter:label1\" content=\"Szacowany czas czytania\" \/>\n\t<meta name=\"twitter:data1\" content=\"1 minuta\" \/>\n<script type=\"application\/ld+json\" class=\"yoast-schema-graph\">{\"@context\":\"https:\/\/schema.org\",\"@graph\":[{\"@type\":\"WebPage\",\"@id\":\"https:\/\/juliagregorowicz.pl\/index.php\/o-mnie\/\",\"url\":\"https:\/\/juliagregorowicz.pl\/index.php\/o-mnie\/\",\"name\":\"O mnie - Julia Gregorowicz Julia Gregorowicz Psychoterapia\",\"isPartOf\":{\"@id\":\"https:\/\/juliagregorowicz.pl\/#website\"},\"datePublished\":\"2023-06-30T12:44:37+00:00\",\"dateModified\":\"2025-10-12T13:03:10+00:00\",\"description\":\"Julia Gregorowicz Psychoterapia\",\"breadcrumb\":{\"@id\":\"https:\/\/juliagregorowicz.pl\/index.php\/o-mnie\/#breadcrumb\"},\"inLanguage\":\"pl-PL\",\"potentialAction\":[{\"@type\":\"ReadAction\",\"target\":[\"https:\/\/juliagregorowicz.pl\/index.php\/o-mnie\/\"]}]},{\"@type\":\"BreadcrumbList\",\"@id\":\"https:\/\/juliagregorowicz.pl\/index.php\/o-mnie\/#breadcrumb\",\"itemListElement\":[{\"@type\":\"ListItem\",\"position\":1,\"name\":\"Strona g\u0142\u00f3wna\",\"item\":\"https:\/\/juliagregorowicz.pl\/\"},{\"@type\":\"ListItem\",\"position\":2,\"name\":\"O mnie\"}]},{\"@type\":\"WebSite\",\"@id\":\"https:\/\/juliagregorowicz.pl\/#website\",\"url\":\"https:\/\/juliagregorowicz.pl\/\",\"name\":\"Julia Gregorowicz\",\"description\":\"Psychoterapeutka\",\"potentialAction\":[{\"@type\":\"SearchAction\",\"target\":{\"@type\":\"EntryPoint\",\"urlTemplate\":\"https:\/\/juliagregorowicz.pl\/?s={search_term_string}\"},\"query-input\":\"required name=search_term_string\"}],\"inLanguage\":\"pl-PL\"}]}<\/script>\n<!-- \/ Yoast SEO plugin. -->","yoast_head_json":{"title":"O mnie - Julia Gregorowicz Julia Gregorowicz Psychoterapia","description":"Julia Gregorowicz Psychoterapia","robots":{"index":"index","follow":"follow","max-snippet":"max-snippet:-1","max-image-preview":"max-image-preview:large","max-video-preview":"max-video-preview:-1"},"canonical":"https:\/\/juliagregorowicz.pl\/index.php\/o-mnie\/","og_locale":"pl_PL","og_type":"article","og_title":"O mnie - Julia Gregorowicz Julia Gregorowicz Psychoterapia","og_description":"Julia Gregorowicz Psychoterapia","og_url":"https:\/\/juliagregorowicz.pl\/index.php\/o-mnie\/","og_site_name":"Julia Gregorowicz","article_modified_time":"2025-10-12T13:03:10+00:00","twitter_card":"summary_large_image","twitter_misc":{"Szacowany czas czytania":"1 minuta"},"schema":{"@context":"https:\/\/schema.org","@graph":[{"@type":"WebPage","@id":"https:\/\/juliagregorowicz.pl\/index.php\/o-mnie\/","url":"https:\/\/juliagregorowicz.pl\/index.php\/o-mnie\/","name":"O mnie - Julia Gregorowicz Julia Gregorowicz Psychoterapia","isPartOf":{"@id":"https:\/\/juliagregorowicz.pl\/#website"},"datePublished":"2023-06-30T12:44:37+00:00","dateModified":"2025-10-12T13:03:10+00:00","description":"Julia Gregorowicz Psychoterapia","breadcrumb":{"@id":"https:\/\/juliagregorowicz.pl\/index.php\/o-mnie\/#breadcrumb"},"inLanguage":"pl-PL","potentialAction":[{"@type":"ReadAction","target":["https:\/\/juliagregorowicz.pl\/index.php\/o-mnie\/"]}]},{"@type":"BreadcrumbList","@id":"https:\/\/juliagregorowicz.pl\/index.php\/o-mnie\/#breadcrumb","itemListElement":[{"@type":"ListItem","position":1,"name":"Strona g\u0142\u00f3wna","item":"https:\/\/juliagregorowicz.pl\/"},{"@type":"ListItem","position":2,"name":"O mnie"}]},{"@type":"WebSite","@id":"https:\/\/juliagregorowicz.pl\/#website","url":"https:\/\/juliagregorowicz.pl\/","name":"Julia Gregorowicz","description":"Psychoterapeutka","potentialAction":[{"@type":"SearchAction","target":{"@type":"EntryPoint","urlTemplate":"https:\/\/juliagregorowicz.pl\/?s={search_term_string}"},"query-input":"required name=search_term_string"}],"inLanguage":"pl-PL"}]}},"_links":{"self":[{"href":"https:\/\/juliagregorowicz.pl\/index.php\/wp-json\/wp\/v2\/pages\/19","targetHints":{"allow":["GET"]}}],"collection":[{"href":"https:\/\/juliagregorowicz.pl\/index.php\/wp-json\/wp\/v2\/pages"}],"about":[{"href":"https:\/\/juliagregorowicz.pl\/index.php\/wp-json\/wp\/v2\/types\/page"}],"author":[{"embeddable":true,"href":"https:\/\/juliagregorowicz.pl\/index.php\/wp-json\/wp\/v2\/users\/1"}],"replies":[{"embeddable":true,"href":"https:\/\/juliagregorowicz.pl\/index.php\/wp-json\/wp\/v2\/comments?post=19"}],"version-history":[{"count":9,"href":"https:\/\/juliagregorowicz.pl\/index.php\/wp-json\/wp\/v2\/pages\/19\/revisions"}],"predecessor-version":[{"id":279,"href":"https:\/\/juliagregorowicz.pl\/index.php\/wp-json\/wp\/v2\/pages\/19\/revisions\/279"}],"wp:attachment":[{"href":"https:\/\/juliagregorowicz.pl\/index.php\/wp-json\/wp\/v2\/media?parent=19"}],"curies":[{"name":"wp","href":"https:\/\/api.w.org\/{rel}","templated":true}]}}